{"id":14,"date":"2022-08-13T19:54:45","date_gmt":"2022-08-13T19:54:45","guid":{"rendered":"https:\/\/graphos.com.uy\/ENERGIMUNDO\/?page_id=14"},"modified":"2022-09-01T16:25:45","modified_gmt":"2022-09-01T16:25:45","slug":"home","status":"publish","type":"page","link":"https:\/\/graphos.com.uy\/ENERGIMUNDO\/","title":{"rendered":"Bienvenidos"},"content":{"rendered":"[vc_row type=&#8221;in_container&#8221; full_screen_row_position=&#8221;middle&#8221; column_margin=&#8221;default&#8221; scene_position=&#8221;center&#8221; text_color=&#8221;dark&#8221; text_align=&#8221;left&#8221; overlay_strength=&#8221;0.3&#8243; shape_divider_position=&#8221;bottom&#8221; bg_image_animation=&#8221;none&#8221;][vc_column column_padding=&#8221;no-extra-padding&#8221; column_padding_position=&#8221;all&#8221; background_color_opacity=&#8221;1&#8243; background_hover_color_opacity=&#8221;1&#8243; column_link_target=&#8221;_self&#8221; column_shadow=&#8221;none&#8221; column_border_radius=&#8221;none&#8221; width=&#8221;1\/1&#8243; tablet_width_inherit=&#8221;default&#8221; tablet_text_alignment=&#8221;default&#8221; phone_text_alignment=&#8221;default&#8221; overlay_strength=&#8221;0.3&#8243; column_border_width=&#8221;none&#8221; column_border_style=&#8221;solid&#8221; bg_image_animation=&#8221;none&#8221;]<div data-midnight=\"nectar-slider\" class=\"parallax_slider_outer \"><div  data-transition=\"slide\" data-overall_style=\"classic\" data-flexible-height=\"\" data-animate-in-effect=\"none\" data-fullscreen=\"false\" data-button-sizing=\"regular\" data-button-styling=\"btn_with_count\" data-autorotate=\"5000\" data-parallax=\"true\" data-parallax-disable-mobile=\"true\" data-caption-trans=\"fade_in_from_bottom\" data-parallax-style=\"bg_only\" data-bg-animation=\"none\" data-full-width=\"false\" class=\"nectar-slider-wrap \" id=\"nectar-slider-instance-1\"><div class=\"swiper-container\"  data-tho=\"auto\" data-tco=\"auto\" data-pho=\"auto\" data-pco=\"auto\" data-loop=\"true\" data-height=\"650\" data-min-height=\"\" data-arrows=\"false\" data-bullets=\"true\" data-bullet_style=\"see_through\" data-bullet_position=\"bottom\" data-desktop-swipe=\"true\" data-settings=\"\"> <div class=\"swiper-wrapper\"><div class=\"swiper-slide\" data-desktop-content-width=\"auto\" data-tablet-content-width=\"auto\" data-bg-alignment=\"center\" data-color-scheme=\"light\" data-x-pos=\"left\" data-y-pos=\"middle\" ><div class=\"slide-bg-wrap\"><div class=\"image-bg\" style=\"background-image: url(https:\/\/graphos.com.uy\/ENERGIMUNDO\/wp-content\/uploads\/2022\/08\/1.jpg);\"> &nbsp; <\/div><\/div><div class=\"video-texture \"> <span class=\"ie-fix\"><\/span> <\/div><\/div> <!--\/swiper-slide--><div class=\"swiper-slide\" data-desktop-content-width=\"auto\" data-tablet-content-width=\"auto\" data-bg-alignment=\"center\" data-color-scheme=\"light\" data-x-pos=\"left\" data-y-pos=\"middle\" ><div class=\"slide-bg-wrap\"><div class=\"image-bg\" style=\"background-image: url(https:\/\/graphos.com.uy\/ENERGIMUNDO\/wp-content\/uploads\/2022\/08\/2.jpg);\"> &nbsp; <\/div><\/div><div class=\"video-texture \"> <span class=\"ie-fix\"><\/span> <\/div><\/div> <!--\/swiper-slide--><div class=\"swiper-slide\" data-desktop-content-width=\"auto\" data-tablet-content-width=\"auto\" data-bg-alignment=\"center\" data-color-scheme=\"light\" data-x-pos=\"left\" data-y-pos=\"middle\" ><div class=\"slide-bg-wrap\"><div class=\"image-bg\" style=\"background-image: url(https:\/\/graphos.com.uy\/ENERGIMUNDO\/wp-content\/uploads\/2022\/08\/3.jpg);\"> &nbsp; <\/div><\/div><div class=\"video-texture \"> <span class=\"ie-fix\"><\/span> <\/div><\/div> <!--\/swiper-slide--><\/div><div class=\"container normal-container slider-pagination-wrap\"><div class=\"slider-pagination\"><\/div><\/div><div class=\"nectar-slider-loading \"> <span class=\"loading-icon none\">   <\/span> <\/div> <\/div> \r\n\t\t\t\t\t\r\n\t\t\t\t\t<\/div><\/div>[\/vc_column][\/vc_row][vc_row type=&#8221;in_container&#8221; full_screen_row_position=&#8221;middle&#8221; column_margin=&#8221;default&#8221; scene_position=&#8221;center&#8221; text_color=&#8221;dark&#8221; text_align=&#8221;left&#8221; top_padding=&#8221;4%&#8221; bottom_padding=&#8221;3%&#8221; id=&#8221;parque&#8221; overlay_strength=&#8221;0.3&#8243; shape_divider_position=&#8221;bottom&#8221; bg_image_animation=&#8221;none&#8221; shape_type=&#8221;&#8221;][vc_column column_padding=&#8221;no-extra-padding&#8221; column_padding_position=&#8221;all&#8221; background_color_opacity=&#8221;1&#8243; background_hover_color_opacity=&#8221;1&#8243; column_link_target=&#8221;_self&#8221; column_shadow=&#8221;none&#8221; column_border_radius=&#8221;none&#8221; width=&#8221;1\/1&#8243; tablet_width_inherit=&#8221;default&#8221; tablet_text_alignment=&#8221;default&#8221; phone_text_alignment=&#8221;default&#8221; overlay_strength=&#8221;0.3&#8243; column_border_width=&#8221;none&#8221; column_border_style=&#8221;solid&#8221; bg_image_animation=&#8221;none&#8221;][vc_text_separator title=&#8221;EL MUSEO&#8221; title_align=&#8221;separator_align_left&#8221; color=&#8221;custom&#8221; border_width=&#8221;5&#8243; accent_color=&#8221;#00bbb4&#8243; el_class=&#8221;title_color&#8221;][vc_row_inner column_margin=&#8221;default&#8221; text_align=&#8221;left&#8221;][vc_column_inner column_padding=&#8221;no-extra-padding&#8221; column_padding_position=&#8221;all&#8221; background_color_opacity=&#8221;1&#8243; background_hover_color_opacity=&#8221;1&#8243; column_shadow=&#8221;none&#8221; column_border_radius=&#8221;none&#8221; column_link_target=&#8221;_self&#8221; width=&#8221;1\/1&#8243; tablet_width_inherit=&#8221;default&#8221; overlay_strength=&#8221;0.3&#8243; column_border_width=&#8221;none&#8221; column_border_style=&#8221;solid&#8221; bg_image_animation=&#8221;none&#8221;][vc_column_text]\n<h2><strong>Energimundo, donde vive el futuro.<\/strong><\/h2>\n<p>Es un museo de ciencia y tecnolog\u00eda sobre energ\u00edas renovables.<\/p>\n<p>Est\u00e1 instalado en la margen uruguaya del complejo hidroel\u00e9ctrico de Salto Grande en el departamento de Salto, Uruguay, en un entorno natural, accesible y disfrutable.<\/p>\n<p>Somos un museo inclusivo, sustentable, flexible, din\u00e1mico, divertido y para todo p\u00fablico.<\/p>\n<p>Con un perfil\u00a0educativo\u00a0que\u00a0busca estimular la participaci\u00f3n activa y la experimentaci\u00f3n a trav\u00e9s del juego,\u00a0generando el gusto por las ciencias, constituy\u00e9ndose en\u00a0respaldo y contrapartida de las carreras\u00a0cient\u00edficas que se dictan en las Universidades de la regi\u00f3n.[\/vc_column_text][divider line_type=&#8221;Full Width Line&#8221; line_thickness=&#8221;3&#8243; divider_color=&#8221;extra-color-1&#8243; animate=&#8221;yes&#8221; custom_height=&#8221;60&#8243;][\/vc_column_inner][\/vc_row_inner][\/vc_column][\/vc_row][vc_row type=&#8221;full_width_content&#8221; full_screen_row_position=&#8221;middle&#8221; column_margin=&#8221;default&#8221; scene_position=&#8221;center&#8221; text_color=&#8221;dark&#8221; text_align=&#8221;left&#8221; overlay_strength=&#8221;0.3&#8243; shape_divider_position=&#8221;bottom&#8221; bg_image_animation=&#8221;none&#8221; shape_type=&#8221;&#8221;][vc_column column_padding=&#8221;padding-4-percent&#8221; column_padding_position=&#8221;left&#8221; background_color_opacity=&#8221;1&#8243; background_hover_color_opacity=&#8221;1&#8243; column_link_target=&#8221;_self&#8221; column_shadow=&#8221;none&#8221; column_border_radius=&#8221;none&#8221; width=&#8221;1\/3&#8243; tablet_width_inherit=&#8221;default&#8221; tablet_text_alignment=&#8221;default&#8221; phone_text_alignment=&#8221;default&#8221; overlay_strength=&#8221;0.3&#8243; column_border_width=&#8221;none&#8221; column_border_style=&#8221;solid&#8221; bg_image_animation=&#8221;none&#8221;][image_with_animation image_url=&#8221;20&#8243; alignment=&#8221;&#8221; animation=&#8221;Fade In&#8221; hover_animation=&#8221;none&#8221; border_radius=&#8221;none&#8221; box_shadow=&#8221;none&#8221; image_loading=&#8221;default&#8221; max_width=&#8221;100%&#8221; max_width_mobile=&#8221;default&#8221;][\/vc_column][vc_column column_padding=&#8221;no-extra-padding&#8221; column_padding_position=&#8221;all&#8221; background_color_opacity=&#8221;1&#8243; background_hover_color_opacity=&#8221;1&#8243; column_link_target=&#8221;_self&#8221; column_shadow=&#8221;none&#8221; column_border_radius=&#8221;none&#8221; width=&#8221;1\/3&#8243; tablet_width_inherit=&#8221;default&#8221; tablet_text_alignment=&#8221;default&#8221; phone_text_alignment=&#8221;default&#8221; overlay_strength=&#8221;0.3&#8243; column_border_width=&#8221;none&#8221; column_border_style=&#8221;solid&#8221; bg_image_animation=&#8221;none&#8221;][\/vc_column][vc_column column_padding=&#8221;no-extra-padding&#8221; column_padding_position=&#8221;all&#8221; background_color_opacity=&#8221;1&#8243; background_hover_color_opacity=&#8221;1&#8243; column_link_target=&#8221;_self&#8221; column_shadow=&#8221;none&#8221; column_border_radius=&#8221;none&#8221; width=&#8221;1\/3&#8243; tablet_width_inherit=&#8221;default&#8221; tablet_text_alignment=&#8221;default&#8221; phone_text_alignment=&#8221;default&#8221; overlay_strength=&#8221;0.3&#8243; column_border_width=&#8221;none&#8221; column_border_style=&#8221;solid&#8221; bg_image_animation=&#8221;none&#8221;][\/vc_column][\/vc_row]\n","protected":false},"excerpt":{"rendered":"<p>[vc_row type=&#8221;in_container&#8221; full_screen_row_position=&#8221;middle&#8221; column_margin=&#8221;default&#8221; scene_position=&#8221;center&#8221; text_color=&#8221;dark&#8221; text_align=&#8221;left&#8221; overlay_strength=&#8221;0.3&#8243; shape_divider_position=&#8221;bottom&#8221; bg_image_animation=&#8221;none&#8221;][vc_column column_padding=&#8221;no-extra-padding&#8221; column_padding_position=&#8221;all&#8221; background_color_opacity=&#8221;1&#8243; background_hover_color_opacity=&#8221;1&#8243; column_link_target=&#8221;_self&#8221; column_shadow=&#8221;none&#8221; column_border_radius=&#8221;none&#8221; width=&#8221;1\/1&#8243; tablet_width_inherit=&#8221;default&#8221; tablet_text_alignment=&#8221;default&#8221; phone_text_alignment=&#8221;default&#8221; overlay_strength=&#8221;0.3&#8243; column_border_width=&#8221;none&#8221; column_border_style=&#8221;solid&#8221; bg_image_animation=&#8221;none&#8221;][\/vc_column][\/vc_row][vc_row type=&#8221;in_container&#8221; full_screen_row_position=&#8221;middle&#8221; column_margin=&#8221;default&#8221; scene_position=&#8221;center&#8221; text_color=&#8221;dark&#8221;&#8230;<\/p>\n","protected":false},"author":1,"featured_media":0,"parent":0,"menu_order":0,"comment_status":"closed","ping_status":"closed","template":"","meta":{"nf_dc_page":"","om_disable_all_campaigns":false,"footnotes":""},"class_list":["post-14","page","type-page","status-publish"],"yoast_head":"<!-- This site is optimized with the Yoast SEO plugin v27.6 - https:\/\/yoast.com\/product\/yoast-seo-wordpress\/ -->\n<title>Bienvenidos - ENERGIMUNDO<\/title>\n<meta name=\"description\" content=\"Es un museo de ciencia y tecnolog\u00eda sobre energ\u00edas renovables. Est\u00e1 instalado en la margen uruguaya del complejo hidroel\u00e9ctrico de Salto Grande en el departamento de Salto, Uruguay, en un entorno natural, accesible y disfrutable.\" \/>\n<meta name=\"robots\" content=\"index, follow, max-snippet:-1, max-image-preview:large, max-video-preview:-1\" \/>\n<link rel=\"canonical\" href=\"https:\/\/graphos.com.uy\/ENERGIMUNDO\/\" \/>\n<meta property=\"og:locale\" content=\"es_ES\" \/>\n<meta property=\"og:type\" content=\"article\" \/>\n<meta property=\"og:title\" content=\"Bienvenidos - ENERGIMUNDO\" \/>\n<meta property=\"og:description\" content=\"Es un museo de ciencia y tecnolog\u00eda sobre energ\u00edas renovables. Est\u00e1 instalado en la margen uruguaya del complejo hidroel\u00e9ctrico de Salto Grande en el departamento de Salto, Uruguay, en un entorno natural, accesible y disfrutable.\" \/>\n<meta property=\"og:url\" content=\"https:\/\/graphos.com.uy\/ENERGIMUNDO\/\" \/>\n<meta property=\"og:site_name\" content=\"ENERGIMUNDO\" \/>\n<meta property=\"article:modified_time\" content=\"2022-09-01T16:25:45+00:00\" \/>\n<meta name=\"twitter:card\" content=\"summary_large_image\" \/>\n<meta name=\"twitter:label1\" content=\"Tiempo de lectura\" \/>\n\t<meta name=\"twitter:data1\" content=\"3 minutos\" \/>\n<script type=\"application\/ld+json\" class=\"yoast-schema-graph\">{\"@context\":\"https:\\\/\\\/schema.org\",\"@graph\":[{\"@type\":\"WebPage\",\"@id\":\"https:\\\/\\\/graphos.com.uy\\\/ENERGIMUNDO\\\/\",\"url\":\"https:\\\/\\\/graphos.com.uy\\\/ENERGIMUNDO\\\/\",\"name\":\"Bienvenidos - ENERGIMUNDO\",\"isPartOf\":{\"@id\":\"https:\\\/\\\/graphos.com.uy\\\/ENERGIMUNDO\\\/#website\"},\"datePublished\":\"2022-08-13T19:54:45+00:00\",\"dateModified\":\"2022-09-01T16:25:45+00:00\",\"description\":\"Es un museo de ciencia y tecnolog\u00eda sobre energ\u00edas renovables. Est\u00e1 instalado en la margen uruguaya del complejo hidroel\u00e9ctrico de Salto Grande en el departamento de Salto, Uruguay, en un entorno natural, accesible y disfrutable.\",\"breadcrumb\":{\"@id\":\"https:\\\/\\\/graphos.com.uy\\\/ENERGIMUNDO\\\/#breadcrumb\"},\"inLanguage\":\"es\",\"potentialAction\":[{\"@type\":\"ReadAction\",\"target\":[\"https:\\\/\\\/graphos.com.uy\\\/ENERGIMUNDO\\\/\"]}]},{\"@type\":\"BreadcrumbList\",\"@id\":\"https:\\\/\\\/graphos.com.uy\\\/ENERGIMUNDO\\\/#breadcrumb\",\"itemListElement\":[{\"@type\":\"ListItem\",\"position\":1,\"name\":\"Home\",\"item\":\"https:\\\/\\\/graphos.com.uy\\\/ENERGIMUNDO\\\/\"},{\"@type\":\"ListItem\",\"position\":2,\"name\":\"Bienvenidos\"}]},{\"@type\":\"WebSite\",\"@id\":\"https:\\\/\\\/graphos.com.uy\\\/ENERGIMUNDO\\\/#website\",\"url\":\"https:\\\/\\\/graphos.com.uy\\\/ENERGIMUNDO\\\/\",\"name\":\"ENERGIMUNDO\",\"description\":\"Parque de energ\u00edas renovables\",\"potentialAction\":[{\"@type\":\"SearchAction\",\"target\":{\"@type\":\"EntryPoint\",\"urlTemplate\":\"https:\\\/\\\/graphos.com.uy\\\/ENERGIMUNDO\\\/?s={search_term_string}\"},\"query-input\":{\"@type\":\"PropertyValueSpecification\",\"valueRequired\":true,\"valueName\":\"search_term_string\"}}],\"inLanguage\":\"es\"}]}<\/script>\n<!-- \/ Yoast SEO plugin. -->","yoast_head_json":{"title":"Bienvenidos - ENERGIMUNDO","description":"Es un museo de ciencia y tecnolog\u00eda sobre energ\u00edas renovables. Est\u00e1 instalado en la margen uruguaya del complejo hidroel\u00e9ctrico de Salto Grande en el departamento de Salto, Uruguay, en un entorno natural, accesible y disfrutable.","robots":{"index":"index","follow":"follow","max-snippet":"max-snippet:-1","max-image-preview":"max-image-preview:large","max-video-preview":"max-video-preview:-1"},"canonical":"https:\/\/graphos.com.uy\/ENERGIMUNDO\/","og_locale":"es_ES","og_type":"article","og_title":"Bienvenidos - ENERGIMUNDO","og_description":"Es un museo de ciencia y tecnolog\u00eda sobre energ\u00edas renovables. Est\u00e1 instalado en la margen uruguaya del complejo hidroel\u00e9ctrico de Salto Grande en el departamento de Salto, Uruguay, en un entorno natural, accesible y disfrutable.","og_url":"https:\/\/graphos.com.uy\/ENERGIMUNDO\/","og_site_name":"ENERGIMUNDO","article_modified_time":"2022-09-01T16:25:45+00:00","twitter_card":"summary_large_image","twitter_misc":{"Tiempo de lectura":"3 minutos"},"schema":{"@context":"https:\/\/schema.org","@graph":[{"@type":"WebPage","@id":"https:\/\/graphos.com.uy\/ENERGIMUNDO\/","url":"https:\/\/graphos.com.uy\/ENERGIMUNDO\/","name":"Bienvenidos - ENERGIMUNDO","isPartOf":{"@id":"https:\/\/graphos.com.uy\/ENERGIMUNDO\/#website"},"datePublished":"2022-08-13T19:54:45+00:00","dateModified":"2022-09-01T16:25:45+00:00","description":"Es un museo de ciencia y tecnolog\u00eda sobre energ\u00edas renovables. Est\u00e1 instalado en la margen uruguaya del complejo hidroel\u00e9ctrico de Salto Grande en el departamento de Salto, Uruguay, en un entorno natural, accesible y disfrutable.","breadcrumb":{"@id":"https:\/\/graphos.com.uy\/ENERGIMUNDO\/#breadcrumb"},"inLanguage":"es","potentialAction":[{"@type":"ReadAction","target":["https:\/\/graphos.com.uy\/ENERGIMUNDO\/"]}]},{"@type":"BreadcrumbList","@id":"https:\/\/graphos.com.uy\/ENERGIMUNDO\/#breadcrumb","itemListElement":[{"@type":"ListItem","position":1,"name":"Home","item":"https:\/\/graphos.com.uy\/ENERGIMUNDO\/"},{"@type":"ListItem","position":2,"name":"Bienvenidos"}]},{"@type":"WebSite","@id":"https:\/\/graphos.com.uy\/ENERGIMUNDO\/#website","url":"https:\/\/graphos.com.uy\/ENERGIMUNDO\/","name":"ENERGIMUNDO","description":"Parque de energ\u00edas renovables","potentialAction":[{"@type":"SearchAction","target":{"@type":"EntryPoint","urlTemplate":"https:\/\/graphos.com.uy\/ENERGIMUNDO\/?s={search_term_string}"},"query-input":{"@type":"PropertyValueSpecification","valueRequired":true,"valueName":"search_term_string"}}],"inLanguage":"es"}]}},"jetpack_sharing_enabled":true,"_links":{"self":[{"href":"https:\/\/graphos.com.uy\/ENERGIMUNDO\/wp-json\/wp\/v2\/pages\/14","targetHints":{"allow":["GET"]}}],"collection":[{"href":"https:\/\/graphos.com.uy\/ENERGIMUNDO\/wp-json\/wp\/v2\/pages"}],"about":[{"href":"https:\/\/graphos.com.uy\/ENERGIMUNDO\/wp-json\/wp\/v2\/types\/page"}],"author":[{"embeddable":true,"href":"https:\/\/graphos.com.uy\/ENERGIMUNDO\/wp-json\/wp\/v2\/users\/1"}],"replies":[{"embeddable":true,"href":"https:\/\/graphos.com.uy\/ENERGIMUNDO\/wp-json\/wp\/v2\/comments?post=14"}],"version-history":[{"count":5,"href":"https:\/\/graphos.com.uy\/ENERGIMUNDO\/wp-json\/wp\/v2\/pages\/14\/revisions"}],"predecessor-version":[{"id":204,"href":"https:\/\/graphos.com.uy\/ENERGIMUNDO\/wp-json\/wp\/v2\/pages\/14\/revisions\/204"}],"wp:attachment":[{"href":"https:\/\/graphos.com.uy\/ENERGIMUNDO\/wp-json\/wp\/v2\/media?parent=14"}],"curies":[{"name":"wp","href":"https:\/\/api.w.org\/{rel}","templated":true}]}}